{"id":20,"date":"2026-02-24T17:37:43","date_gmt":"2026-02-24T17:37:43","guid":{"rendered":"https:\/\/almslegal.com\/team\/"},"modified":"2026-02-24T19:18:28","modified_gmt":"2026-02-24T19:18:28","slug":"team","status":"publish","type":"page","link":"https:\/\/almslegal.com\/en\/team\/","title":{"rendered":"Teams"},"content":{"rendered":"<div class=\"wp-block-group alignfull is-style-ext-preset--group--natural-1--section has-background-background-color has-background has-global-padding is-layout-constrained wp-container-core-group-is-layout-843e5a6d wp-block-group-is-layout-constrained\" id=\"om\" style=\"margin-top:0;margin-bottom:0;padding-top:var(--wp--preset--spacing--70);padding-bottom:var(--wp--preset--spacing--70)\">\n<h2 class=\"wp-block-heading has-text-align-center ext-animate--on\">Specialister p\u00e5 arbetsr\u00e4tt, familjer\u00e4tt och kyrkor\u00e4tt.<\/h2>\n\n\n\n<p class=\"has-text-align-center ext-animate--on\" style=\"margin-top:1.5rem\">Vi p\u00e5 ALMSLEGAL str\u00e4var efter att erbjuda juridisk expertis som st\u00e4rker v\u00e5ra klienters verksamheter, med fokus p\u00e5 integritet, professionalism och strategiska l\u00f6sningar inom arbets- familjer\u00e4tt och kyrkor\u00e4tt<\/p>\n\n\n\n<figure class=\"wp-block-image is-style-ext-preset-image-natural-1-image-1--content-any is-style-ext-preset--image--natural-1--image-1--content-any ext-animate--on is-style-ext-preset--image--natural-1--image-1--content-any--2\"><img loading=\"lazy\" decoding=\"async\" width=\"1440\" height=\"960\" src=\"https:\/\/almslegal.com\/wp-content\/uploads\/2026\/02\/edb9ec857d12b14ec991fe096b11007b26bfcaef.jpg\" alt=\"\" class=\"wp-image-33\" style=\"aspect-ratio:16\/9;object-fit:cover\" srcset=\"https:\/\/almslegal.com\/wp-content\/uploads\/2026\/02\/edb9ec857d12b14ec991fe096b11007b26bfcaef.jpg 1440w, https:\/\/almslegal.com\/wp-content\/uploads\/2026\/02\/edb9ec857d12b14ec991fe096b11007b26bfcaef-300x200.jpg 300w, https:\/\/almslegal.com\/wp-content\/uploads\/2026\/02\/edb9ec857d12b14ec991fe096b11007b26bfcaef-1024x683.jpg 1024w, https:\/\/almslegal.com\/wp-content\/uploads\/2026\/02\/edb9ec857d12b14ec991fe096b11007b26bfcaef-768x512.jpg 768w, https:\/\/almslegal.com\/wp-content\/uploads\/2026\/02\/edb9ec857d12b14ec991fe096b11007b26bfcaef-18x12.jpg 18w\" sizes=\"auto, (max-width: 1440px) 100vw, 1440px\" \/><\/figure>\n<\/div>\n\n\n\n<div class=\"wp-block-group alignfull is-style-ext-preset--group--natural-1--section has-tertiary-background-color has-background has-global-padding is-layout-constrained wp-container-core-group-is-layout-e955bbaf wp-block-group-is-layout-constrained\" id=\"team\" style=\"margin-top:0;margin-bottom:0;padding-top:var(--wp--preset--spacing--70);padding-bottom:var(--wp--preset--spacing--70)\">\n<h2 class=\"wp-block-heading has-text-align-center ext-animate--on\">Skr\u00e4ddarsydda juridiska l\u00f6sningar f\u00f6r dig<\/h2>\n\n\n\n<p class=\"has-text-align-center ext-animate--on\" style=\"margin-top:1.5rem\"><\/p>\n\n\n\n<div class=\"wp-block-columns alignwide is-layout-flex wp-container-core-columns-is-layout-08c01c1c wp-block-columns-is-layout-flex\">\n<div class=\"wp-block-column is-vertically-aligned-stretch ext-animate--on is-layout-flow wp-block-column-is-layout-flow\">\n<div class=\"wp-block-group is-style-ext-preset--group--natural-1--item-card-1--align-center has-global-padding is-layout-constrained wp-block-group-is-layout-constrained is-style-ext-preset--group--natural-1--item-card-1--align-center--4\"><\/div>\n<\/div>\n\n\n\n<div class=\"wp-block-column is-vertically-aligned-stretch ext-animate--on is-layout-flow wp-block-column-is-layout-flow\"><\/div>\n\n\n\n<div class=\"wp-block-column is-vertically-aligned-stretch ext-animate--on is-layout-flow wp-block-column-is-layout-flow\"><\/div>\n<\/div>\n<\/div>","protected":false},"excerpt":{"rendered":"<p>Specialister p\u00e5 arbetsr\u00e4tt, familjer\u00e4tt och kyrkor\u00e4tt. Vi p\u00e5 ALMSLEGAL str\u00e4var efter att erbjuda juridisk expertis som st\u00e4rker v\u00e5ra klienters verksamheter, med fokus p\u00e5 integritet, professionalism och strategiska l\u00f6sningar inom arbets- familjer\u00e4tt och kyrkor\u00e4tt Skr\u00e4ddarsydda juridiska l\u00f6sningar f\u00f6r dig<\/p>","protected":false},"author":1,"featured_media":0,"parent":0,"menu_order":0,"comment_status":"closed","ping_status":"closed","template":"page-with-title","meta":{"_monsterinsights_skip_tracking":false,"_monsterinsights_sitenote_active":false,"_monsterinsights_sitenote_note":"","_monsterinsights_sitenote_category":0,"footnotes":""},"class_list":["post-20","page","type-page","status-publish","hentry"],"aioseo_notices":[],"_links":{"self":[{"href":"https:\/\/almslegal.com\/en\/wp-json\/wp\/v2\/pages\/20","targetHints":{"allow":["GET"]}}],"collection":[{"href":"https:\/\/almslegal.com\/en\/wp-json\/wp\/v2\/pages"}],"about":[{"href":"https:\/\/almslegal.com\/en\/wp-json\/wp\/v2\/types\/page"}],"author":[{"embeddable":true,"href":"https:\/\/almslegal.com\/en\/wp-json\/wp\/v2\/users\/1"}],"replies":[{"embeddable":true,"href":"https:\/\/almslegal.com\/en\/wp-json\/wp\/v2\/comments?post=20"}],"version-history":[{"count":2,"href":"https:\/\/almslegal.com\/en\/wp-json\/wp\/v2\/pages\/20\/revisions"}],"predecessor-version":[{"id":113,"href":"https:\/\/almslegal.com\/en\/wp-json\/wp\/v2\/pages\/20\/revisions\/113"}],"wp:attachment":[{"href":"https:\/\/almslegal.com\/en\/wp-json\/wp\/v2\/media?parent=20"}],"curies":[{"name":"wp","href":"https:\/\/api.w.org\/{rel}","templated":true}]}}