{"id":17,"date":"2026-02-24T17:37:39","date_gmt":"2026-02-24T17:37:39","guid":{"rendered":"https:\/\/almslegal.com\/tjanster\/"},"modified":"2026-02-24T18:47:24","modified_gmt":"2026-02-24T18:47:24","slug":"tjanster","status":"publish","type":"page","link":"https:\/\/almslegal.com\/en\/tjanster\/","title":{"rendered":"Services"},"content":{"rendered":"<div class=\"wp-block-group alignfull is-style-ext-preset--group--natural-1--section has-background-background-color has-background has-global-padding is-layout-constrained wp-container-core-group-is-layout-e955bbaf wp-block-group-is-layout-constrained\" id=\"tjanster\" style=\"margin-top:0;margin-bottom:0;padding-top:var(--wp--preset--spacing--70);padding-bottom:var(--wp--preset--spacing--70)\">\n<div class=\"wp-block-group alignwide ext-is-logical-start has-global-padding is-content-justification-left is-layout-constrained wp-container-core-group-is-layout-6729bdbe wp-block-group-is-layout-constrained\">\n<h2 class=\"wp-block-heading ext-animate--on\">Trust and expertise as cornerstones<\/h2>\n\n\n\n<p class=\"has-text-align-left ext-animate--on\">Discover our broad range of services, with a focus on legal excellence and client-tailored solutions.<\/p>\n<\/div>\n\n\n\n<div class=\"wp-block-columns alignwide is-layout-flex wp-container-core-columns-is-layout-08c01c1c wp-block-columns-is-layout-flex\">\n<div class=\"wp-block-column ext-animate--on is-layout-flow wp-block-column-is-layout-flow\">\n<div class=\"wp-block-group is-style-ext-preset--group--natural-1--item-card-1--align-start has-global-padding is-layout-constrained wp-block-group-is-layout-constrained is-style-ext-preset--group--natural-1--item-card-1--align-start--2\">\n<figure class=\"wp-block-image\"><img loading=\"lazy\" decoding=\"async\" width=\"1440\" height=\"1080\" src=\"https:\/\/almslegal.com\/wp-content\/uploads\/2026\/02\/072d5eaaf0808371ac687b751a74e21ced6abcf2.jpg\" alt=\"\" class=\"wp-image-32\" style=\"aspect-ratio:4\/3;object-fit:cover\" srcset=\"https:\/\/almslegal.com\/wp-content\/uploads\/2026\/02\/072d5eaaf0808371ac687b751a74e21ced6abcf2.jpg 1440w, https:\/\/almslegal.com\/wp-content\/uploads\/2026\/02\/072d5eaaf0808371ac687b751a74e21ced6abcf2-300x225.jpg 300w, https:\/\/almslegal.com\/wp-content\/uploads\/2026\/02\/072d5eaaf0808371ac687b751a74e21ced6abcf2-1024x768.jpg 1024w, https:\/\/almslegal.com\/wp-content\/uploads\/2026\/02\/072d5eaaf0808371ac687b751a74e21ced6abcf2-768x576.jpg 768w, https:\/\/almslegal.com\/wp-content\/uploads\/2026\/02\/072d5eaaf0808371ac687b751a74e21ced6abcf2-16x12.jpg 16w\" sizes=\"auto, (max-width: 1440px) 100vw, 1440px\" \/><\/figure>\n\n\n\n<div class=\"wp-block-group is-style-default has-global-padding is-layout-constrained wp-block-group-is-layout-constrained\">\n<h3 class=\"wp-block-heading\">Employment law advice<\/h3>\n\n\n\n<p>We offer tailored advice to help you navigate complex employment law matters.<\/p>\n<\/div>\n<\/div>\n<\/div>\n\n\n\n<div class=\"wp-block-column ext-animate--on is-layout-flow wp-block-column-is-layout-flow\">\n<div class=\"wp-block-group is-style-ext-preset--group--natural-1--item-card-1--align-start has-global-padding is-layout-constrained wp-block-group-is-layout-constrained is-style-ext-preset--group--natural-1--item-card-1--align-start--3\">\n<figure class=\"wp-block-image\"><img loading=\"lazy\" decoding=\"async\" width=\"1440\" height=\"960\" src=\"https:\/\/almslegal.com\/wp-content\/uploads\/2026\/02\/edb9ec857d12b14ec991fe096b11007b26bfcaef.jpg\" alt=\"\" class=\"wp-image-33\" style=\"aspect-ratio:4\/3;object-fit:cover\" srcset=\"https:\/\/almslegal.com\/wp-content\/uploads\/2026\/02\/edb9ec857d12b14ec991fe096b11007b26bfcaef.jpg 1440w, https:\/\/almslegal.com\/wp-content\/uploads\/2026\/02\/edb9ec857d12b14ec991fe096b11007b26bfcaef-300x200.jpg 300w, https:\/\/almslegal.com\/wp-content\/uploads\/2026\/02\/edb9ec857d12b14ec991fe096b11007b26bfcaef-1024x683.jpg 1024w, https:\/\/almslegal.com\/wp-content\/uploads\/2026\/02\/edb9ec857d12b14ec991fe096b11007b26bfcaef-768x512.jpg 768w, https:\/\/almslegal.com\/wp-content\/uploads\/2026\/02\/edb9ec857d12b14ec991fe096b11007b26bfcaef-18x12.jpg 18w\" sizes=\"auto, (max-width: 1440px) 100vw, 1440px\" \/><\/figure>\n\n\n\n<div class=\"wp-block-group is-style-default has-global-padding is-layout-constrained wp-block-group-is-layout-constrained\">\n<h3 class=\"wp-block-heading\">Family law advice<\/h3>\n\n\n\n<p>Professional guidance in matters relating to family law and personal relationships.<\/p>\n<\/div>\n<\/div>\n<\/div>\n\n\n\n<div class=\"wp-block-column ext-animate--on is-layout-flow wp-block-column-is-layout-flow\">\n<div class=\"wp-block-group is-style-ext-preset--group--natural-1--item-card-1--align-start has-global-padding is-layout-constrained wp-block-group-is-layout-constrained is-style-ext-preset--group--natural-1--item-card-1--align-start--4\">\n<figure class=\"wp-block-image\"><img loading=\"lazy\" decoding=\"async\" width=\"1440\" height=\"960\" src=\"https:\/\/almslegal.com\/wp-content\/uploads\/2026\/02\/7cb69b4c463f73280baf399d898e7569d9c257c1.jpg\" alt=\"\" class=\"wp-image-34\" style=\"aspect-ratio:4\/3;object-fit:cover\" srcset=\"https:\/\/almslegal.com\/wp-content\/uploads\/2026\/02\/7cb69b4c463f73280baf399d898e7569d9c257c1.jpg 1440w, https:\/\/almslegal.com\/wp-content\/uploads\/2026\/02\/7cb69b4c463f73280baf399d898e7569d9c257c1-300x200.jpg 300w, https:\/\/almslegal.com\/wp-content\/uploads\/2026\/02\/7cb69b4c463f73280baf399d898e7569d9c257c1-1024x683.jpg 1024w, https:\/\/almslegal.com\/wp-content\/uploads\/2026\/02\/7cb69b4c463f73280baf399d898e7569d9c257c1-768x512.jpg 768w, https:\/\/almslegal.com\/wp-content\/uploads\/2026\/02\/7cb69b4c463f73280baf399d898e7569d9c257c1-18x12.jpg 18w\" sizes=\"auto, (max-width: 1440px) 100vw, 1440px\" \/><\/figure>\n\n\n\n<div class=\"wp-block-group is-style-default has-global-padding is-layout-constrained wp-block-group-is-layout-constrained\">\n<h3 class=\"wp-block-heading\">Ecclesiastical law advice<\/h3>\n\n\n\n<p>Legal advice specifically tailored to clergy and other church office holders.<\/p>\n<\/div>\n<\/div>\n<\/div>\n<\/div>\n<\/div>\n\n\n\n<div class=\"wp-block-group alignfull is-style-ext-preset--group--natural-1--section has-tertiary-background-color has-background has-global-padding is-layout-constrained wp-container-core-group-is-layout-f72f1611 wp-block-group-is-layout-constrained\" id=\"funktioner\" style=\"margin-top:0;margin-bottom:0;padding-top:var(--wp--preset--spacing--70);padding-bottom:var(--wp--preset--spacing--70)\">\n<div class=\"wp-block-group alignwide ext-is-logical-start has-global-padding is-content-justification-left is-layout-constrained wp-container-core-group-is-layout-6729bdbe wp-block-group-is-layout-constrained\">\n<h2 class=\"wp-block-heading ext-animate--on\">Expert legal services in employment law, family law and ecclesiastical law<\/h2>\n\n\n\n<p class=\"has-text-align-left ext-animate--on\">We provide in-depth legal advice and tailored solutions in employment law, family law and ecclesiastical law that protect and strengthen your interests.<\/p>\n<\/div>\n\n\n\n<div class=\"wp-block-columns alignwide is-layout-flex wp-container-core-columns-is-layout-08c01c1c wp-block-columns-is-layout-flex\">\n<div class=\"wp-block-column is-vertically-aligned-stretch ext-animate--on is-layout-flow wp-container-core-column-is-layout-f5bb311e wp-block-column-is-layout-flow\">\n<div class=\"wp-block-group is-style-ext-preset--group--natural-1--item-card-1--align-start has-global-padding is-layout-constrained wp-block-group-is-layout-constrained is-style-ext-preset--group--natural-1--item-card-1--align-start--6\">\n<div class=\"wp-block-group is-style-default has-global-padding is-layout-constrained wp-block-group-is-layout-constrained\">\n<figure class=\"wp-block-image size-large ext-aspect-landscape wp-duotone-primary-foreground\"><img decoding=\"async\" src=\"data:image\/svg+xml;base64,PHN2ZyB4bWxucz0iaHR0cDovL3d3dy53My5vcmcvMjAwMC9zdmciIHdpZHRoPSI0OCIgaGVpZ2h0PSI0OCIgZmlsbD0iIzAwMDAwMCIgdmlld0JveD0iMCAwIDI1NiAyNTYiPjxwYXRoIGQ9Ik0xNzIsNzZhNDQsNDQsMCwxLDAtNDQsNDRBNDQuMDUsNDQuMDUsMCwwLDAsMTcyLDc2Wm0tNDQsMjhhMjgsMjgsMCwxLDEsMjgtMjhBMjgsMjgsMCwwLDEsMTI4LDEwNFptNjAsMjRhNDQsNDQsMCwxLDAsNDQsNDRBNDQuMDUsNDQuMDUsMCwwLDAsMTg4LDEyOFptMCw3MmEyOCwyOCwwLDEsMSwyOC0yOEEyOCwyOCwwLDAsMSwxODgsMjAwWk02OCwxMjhhNDQsNDQsMCwxLDAsNDQsNDRBNDQuMDUsNDQuMDUsMCwwLDAsNjgsMTI4Wm0wLDcyYTI4LDI4LDAsMSwxLDI4LTI4QTI4LDI4LDAsMCwxLDY4LDIwMFoiPjwvcGF0aD48L3N2Zz4=\" alt=\"\" style=\"object-fit:cover\"\/><\/figure>\n\n\n\n<h3 class=\"wp-block-heading\">Employment law advice<\/h3>\n\n\n\n<p>Specialized guidance on employment contracts, the work environment, and disputes.<\/p>\n<\/div>\n<\/div>\n<\/div>\n\n\n\n<div class=\"wp-block-column is-vertically-aligned-stretch ext-animate--on is-layout-flow wp-container-core-column-is-layout-f5bb311e wp-block-column-is-layout-flow\">\n<div class=\"wp-block-group is-style-ext-preset--group--natural-1--item-card-1--align-start has-global-padding is-layout-constrained wp-block-group-is-layout-constrained is-style-ext-preset--group--natural-1--item-card-1--align-start--7\">\n<div class=\"wp-block-group is-style-default has-global-padding is-layout-constrained wp-block-group-is-layout-constrained\">\n<figure class=\"wp-block-image size-large ext-aspect-landscape wp-duotone-primary-foreground\"><img decoding=\"async\" src=\"data:image\/svg+xml;base64,PHN2ZyB4bWxucz0iaHR0cDovL3d3dy53My5vcmcvMjAwMC9zdmciIHdpZHRoPSI0OCIgaGVpZ2h0PSI0OCIgZmlsbD0iIzAwMDAwMCIgdmlld0JveD0iMCAwIDI1NiAyNTYiPjxwYXRoIGQ9Ik04MCw0MGE0MCw0MCwwLDEsMCw0MCw0MEE0MCw0MCwwLDAsMCw4MCw0MFptMCw2NGEyNCwyNCwwLDEsMSwyNC0yNEEyNCwyNCwwLDAsMSw4MCwxMDRabTk2LDE2YTQwLDQwLDAsMSwwLTQwLTQwQTQwLDQwLDAsMCwwLDE3NiwxMjBabTAtNjRhMjQsMjQsMCwxLDEtMjQsMjRBMjQsMjQsMCwwLDEsMTc2LDU2Wk04MCwxMzZhNDAsNDAsMCwxLDAsNDAsNDBBNDAsNDAsMCwwLDAsODAsMTM2Wm0wLDY0YTI0LDI0LDAsMSwxLDI0LTI0QTI0LDI0LDAsMCwxLDgwLDIwMFptOTYtNjRhNDAsNDAsMCwxLDAsNDAsNDBBNDAsNDAsMCwwLDAsMTc2LDEzNlptMCw2NGEyNCwyNCwwLDEsMSwyNC0yNEEyNCwyNCwwLDAsMSwxNzYsMjAwWiI+PC9wYXRoPjwvc3ZnPg==\" alt=\"\" style=\"object-fit:cover\"\/><\/figure>\n\n\n\n<h3 class=\"wp-block-heading\">Family law advice<\/h3>\n\n\n\n<p>Inheritance, custody \u2014 few areas of law are more sensitive or complex than family law. We are experts in family law.<\/p>\n<\/div>\n<\/div>\n<\/div>\n\n\n\n<div class=\"wp-block-column is-vertically-aligned-stretch ext-animate--on is-layout-flow wp-container-core-column-is-layout-f5bb311e wp-block-column-is-layout-flow\">\n<div class=\"wp-block-group is-style-ext-preset--group--natural-1--item-card-1--align-start has-global-padding is-layout-constrained wp-block-group-is-layout-constrained is-style-ext-preset--group--natural-1--item-card-1--align-start--8\">\n<div class=\"wp-block-group is-style-default has-global-padding is-layout-constrained wp-block-group-is-layout-constrained\">\n<figure class=\"wp-block-image size-large ext-aspect-landscape wp-duotone-primary-foreground\"><img decoding=\"async\" src=\"data:image\/svg+xml;base64,PHN2ZyB4bWxucz0iaHR0cDovL3d3dy53My5vcmcvMjAwMC9zdmciIHdpZHRoPSI0OCIgaGVpZ2h0PSI0OCIgZmlsbD0iIzAwMDAwMCIgdmlld0JveD0iMCAwIDI1NiAyNTYiPjxwYXRoIGQ9Ik04MCw0MGE0MCw0MCwwLDEsMCw0MCw0MEE0MCw0MCwwLDAsMCw4MCw0MFptMCw2NGEyNCwyNCwwLDEsMSwyNC0yNEEyNCwyNCwwLDAsMSw4MCwxMDRabTk2LDE2YTQwLDQwLDAsMSwwLTQwLTQwQTQwLDQwLDAsMCwwLDE3NiwxMjBabTAtNjRhMjQsMjQsMCwxLDEtMjQsMjRBMjQsMjQsMCwwLDEsMTc2LDU2Wk04MCwxMzZhNDAsNDAsMCwxLDAsNDAsNDBBNDAsNDAsMCwwLDAsODAsMTM2Wm0wLDY0YTI0LDI0LDAsMSwxLDI0LTI0QTI0LDI0LDAsMCwxLDgwLDIwMFptMTM2LTI0YTgsOCwwLDAsMS04LDhIMTg0djI0YTgsOCwwLDAsMS0xNiwwVjE4NEgxNDRhOCw4LDAsMCwxLDAtMTZoMjRWMTQ0YTgsOCwwLDAsMSwxNiwwdjI0aDI0QTgsOCwwLDAsMSwyMTYsMTc2WiI+PC9wYXRoPjwvc3ZnPg==\" alt=\"\" style=\"object-fit:cover\"\/><\/figure>\n\n\n\n<h3 class=\"wp-block-heading\">Ecclesiastical law advice<\/h3>\n\n\n\n<p>Reported matter or submission to the diocesan chapter? Then we are the right choice for you. We have extensive experience.<\/p>\n<\/div>\n<\/div>\n<\/div>\n<\/div>\n<\/div>\n\n\n\n<div class=\"wp-block-group alignfull is-style-ext-preset--group--natural-1--section has-background-background-color has-background has-global-padding is-layout-constrained wp-container-core-group-is-layout-e955bbaf wp-block-group-is-layout-constrained\" style=\"margin-top:0;margin-bottom:0;padding-top:var(--wp--preset--spacing--70);padding-bottom:var(--wp--preset--spacing--70)\">\n<div class=\"wp-block-media-text alignwide has-media-on-the-right is-stacked-on-mobile is-image-fill-element is-style-ext-preset--media-text--natural-1--card-1 ext-animate--on has-tertiary-background-color has-background is-style-ext-preset--media-text--natural-1--card-1--10\"><div class=\"wp-block-media-text__content\">\n<div class=\"wp-block-group alignwide is-vertical is-layout-flex wp-container-core-group-is-layout-53474e87 wp-block-group-is-layout-flex\" style=\"padding-top:var(--wp--preset--spacing--60);padding-bottom:var(--wp--preset--spacing--60)\">\n<div class=\"wp-block-group has-global-padding is-layout-constrained wp-container-core-group-is-layout-812d5580 wp-block-group-is-layout-constrained\" style=\"padding-top:0;padding-right:0;padding-bottom:0;padding-left:0\">\n<h2 class=\"wp-block-heading\">Expert legal services <\/h2>\n\n\n\n<p>Here you can easily get in touch, book a consultation, or obtain detailed information about our legal services in employment law, family law, and ecclesiastical law.<\/p>\n<\/div>\n\n\n\n<div class=\"wp-block-buttons is-layout-flex wp-block-buttons-is-layout-flex\">\n<div class=\"wp-block-button is-style-ext-preset--button--natural-1--button-1 is-style-ext-preset--button--natural-1--button-1--11\"><a class=\"wp-block-button__link wp-element-button\" href=\"https:\/\/almslegal.com\/en\/kontakt\/\">Read more<\/a><\/div>\n<\/div>\n<\/div>\n<\/div><figure class=\"wp-block-media-text__media\"><img loading=\"lazy\" decoding=\"async\" width=\"1440\" height=\"960\" src=\"https:\/\/almslegal.com\/wp-content\/uploads\/2026\/02\/788e318b76c5501a24373848504c698fa766605d.jpg\" alt=\"\" class=\"wp-image-30 size-full\" style=\"object-position:50% 50%\" srcset=\"https:\/\/almslegal.com\/wp-content\/uploads\/2026\/02\/788e318b76c5501a24373848504c698fa766605d.jpg 1440w, https:\/\/almslegal.com\/wp-content\/uploads\/2026\/02\/788e318b76c5501a24373848504c698fa766605d-300x200.jpg 300w, https:\/\/almslegal.com\/wp-content\/uploads\/2026\/02\/788e318b76c5501a24373848504c698fa766605d-1024x683.jpg 1024w, https:\/\/almslegal.com\/wp-content\/uploads\/2026\/02\/788e318b76c5501a24373848504c698fa766605d-768x512.jpg 768w, https:\/\/almslegal.com\/wp-content\/uploads\/2026\/02\/788e318b76c5501a24373848504c698fa766605d-18x12.jpg 18w\" sizes=\"auto, (max-width: 1440px) 100vw, 1440px\" \/><\/figure><\/div>\n<\/div>","protected":false},"excerpt":{"rendered":"<p>F\u00f6rtroende och expertis som grundpelare Uppt\u00e4ck v\u00e5rt breda tj\u00e4nsteutbud med fokus p\u00e5 juridisk spetskompetens och kundanpassade l\u00f6sningar. Arbetsr\u00e4ttsliga r\u00e5dgivning Vi erbjuder skr\u00e4ddarsydda r\u00e5d f\u00f6r att hj\u00e4lpa dig navigera komplexa arbetsr\u00e4ttsliga fr\u00e5gor. Familjer\u00e4ttslig r\u00e5dgivning Professionell v\u00e4gledning i fr\u00e5gor som r\u00f6r familjer\u00e4tt och personliga relationer. Kyrkor\u00e4ttslig r\u00e5dgivning Juridisk r\u00e5dgivning s\u00e4rskilt anpassad f\u00f6r pr\u00e4ster och kyrkliga befattningshavare. Expertjuridik [&hellip;]<\/p>\n","protected":false},"author":1,"featured_media":0,"parent":0,"menu_order":0,"comment_status":"closed","ping_status":"closed","template":"page-with-title","meta":{"_monsterinsights_skip_tracking":false,"_monsterinsights_sitenote_active":false,"_monsterinsights_sitenote_note":"","_monsterinsights_sitenote_category":0,"footnotes":""},"class_list":["post-17","page","type-page","status-publish","hentry"],"aioseo_notices":[],"_links":{"self":[{"href":"https:\/\/almslegal.com\/en\/wp-json\/wp\/v2\/pages\/17","targetHints":{"allow":["GET"]}}],"collection":[{"href":"https:\/\/almslegal.com\/en\/wp-json\/wp\/v2\/pages"}],"about":[{"href":"https:\/\/almslegal.com\/en\/wp-json\/wp\/v2\/types\/page"}],"author":[{"embeddable":true,"href":"https:\/\/almslegal.com\/en\/wp-json\/wp\/v2\/users\/1"}],"replies":[{"embeddable":true,"href":"https:\/\/almslegal.com\/en\/wp-json\/wp\/v2\/comments?post=17"}],"version-history":[{"count":4,"href":"https:\/\/almslegal.com\/en\/wp-json\/wp\/v2\/pages\/17\/revisions"}],"predecessor-version":[{"id":100,"href":"https:\/\/almslegal.com\/en\/wp-json\/wp\/v2\/pages\/17\/revisions\/100"}],"wp:attachment":[{"href":"https:\/\/almslegal.com\/en\/wp-json\/wp\/v2\/media?parent=17"}],"curies":[{"name":"wp","href":"https:\/\/api.w.org\/{rel}","templated":true}]}}