{"id":16,"date":"2026-02-24T17:37:38","date_gmt":"2026-02-24T17:37:38","guid":{"rendered":"https:\/\/almslegal.com\/faq\/"},"modified":"2026-02-24T19:08:37","modified_gmt":"2026-02-24T19:08:37","slug":"faq","status":"publish","type":"page","link":"https:\/\/almslegal.com\/en\/faq\/","title":{"rendered":"FAQ"},"content":{"rendered":"\n<div class=\"wp-block-group alignfull is-style-ext-preset--group--natural-1--section has-background-background-color has-background has-global-padding is-layout-constrained wp-container-core-group-is-layout-e955bbaf wp-block-group-is-layout-constrained\" id=\"vanliga-fragor\" style=\"margin-top:0;margin-bottom:0;padding-top:var(--wp--preset--spacing--70);padding-bottom:var(--wp--preset--spacing--70)\">\n<h2 class=\"wp-block-heading has-text-align-center\">Expert juridisk r\u00e5dgivning inom arbetsr\u00e4tt,familjer\u00e4tt och kyrkor\u00e4tt<\/h2>\n\n\n\n<p class=\"has-text-align-center ext-animate--on\" style=\"margin-top:1.5rem\">H\u00e4r svarar vi p\u00e5 de vanligaste fr\u00e5gorna f\u00f6r att du snabbt ska hitta tydlig och relevant information.<\/p>\n\n\n\n<div class=\"wp-block-group alignwide has-global-padding is-content-justification-center is-layout-constrained wp-container-core-group-is-layout-8f997a6a wp-block-group-is-layout-constrained\">\n<div class=\"wp-block-group is-style-ext-preset--group--natural-1--item-card-1--align-start ext-animate--on is-layout-flow wp-block-group-is-layout-flow is-style-ext-preset--group--natural-1--item-card-1--align-start--2\">\n<div class=\"wp-block-group is-style-default is-layout-flow wp-block-group-is-layout-flow\">\n<h3 class=\"wp-block-heading\">Vilka r\u00e4ttsomr\u00e5den erbjuder ALMSLEGAL expertis inom?<\/h3>\n\n\n\n<p>Vi specialiserar oss p\u00e5 arbetsr\u00e4tt,, familjer\u00e4tt samt kyrkor\u00e4tt<\/p>\n<\/div>\n<\/div>\n\n\n\n<div class=\"wp-block-group is-style-ext-preset--group--natural-1--item-card-1--align-start ext-animate--on is-layout-flow wp-block-group-is-layout-flow is-style-ext-preset--group--natural-1--item-card-1--align-start--3\">\n<div class=\"wp-block-group is-style-default is-layout-flow wp-block-group-is-layout-flow\">\n<h3 class=\"wp-block-heading\">Hur kan jag boka en tid f\u00f6r juridisk r\u00e5dgivning?<\/h3>\n\n\n\n<p>Du kan kontakta oss vi v\u00e5rt kontaktformul\u00e4r p\u00e5 hemsidan.<\/p>\n<\/div>\n<\/div>\n\n\n\n<div class=\"wp-block-group is-style-ext-preset--group--natural-1--item-card-1--align-start ext-animate--on is-layout-flow wp-block-group-is-layout-flow is-style-ext-preset--group--natural-1--item-card-1--align-start--4\">\n<div class=\"wp-block-group is-style-default is-layout-flow wp-block-group-is-layout-flow\">\n<h3 class=\"wp-block-heading\">Vilka spr\u00e5k erbjuder ni juridisk r\u00e5dgivning p\u00e5?<\/h3>\n\n\n\n<p>Vi erbjuder r\u00e5dgivning p\u00e5 svenska och engelska f\u00f6r att s\u00e4kerst\u00e4lla internationell tillg\u00e4nglighet.<\/p>\n<\/div>\n<\/div>\n\n\n\n<div class=\"wp-block-group is-style-ext-preset--group--natural-1--item-card-1--align-start ext-animate--on is-layout-flow wp-block-group-is-layout-flow is-style-ext-preset--group--natural-1--item-card-1--align-start--5\">\n<div class=\"wp-block-group is-style-default is-layout-flow wp-block-group-is-layout-flow\">\n<h3 class=\"wp-block-heading\">Hur fungerar max pris?<\/h3>\n\n\n\n<p>Vi har ett fast maxpris f\u00f6r varje tj\u00e4nst. Det betyder att du i f\u00f6rv\u00e4g vet vad det h\u00f6gst kan kosta att anlita oss.<\/p>\n\n\n\n<p>Om \u00e4rendet g\u00e5r till domstol och du vinner, kr\u00e4ver vi motparten p\u00e5 alla kostnader.<\/p>\n\n\n\n<p>Om du skulle f\u00f6rlora betalar du endast det maxpris vi har kommit \u00f6verens om \u2013 inget mer.<\/p>\n<\/div>\n<\/div>\n<\/div>\n<\/div>\n\n\n\n<div class=\"wp-block-group alignfull is-style-ext-preset--group--natural-1--section has-tertiary-background-color has-background has-global-padding is-layout-constrained wp-container-core-group-is-layout-e955bbaf wp-block-group-is-layout-constrained\" id=\"tjanster\" style=\"margin-top:0;margin-bottom:0;padding-top:var(--wp--preset--spacing--70);padding-bottom:var(--wp--preset--spacing--70)\">\n<h2 class=\"wp-block-heading has-text-align-center ext-animate--on\">Integritet och professionalism i varje steg<\/h2>\n\n\n\n<p class=\"has-text-align-center ext-animate--on\" style=\"margin-top:1.5rem\">Det h\u00e4r avsnittet beskriver v\u00e5ra juridiska expertomr\u00e5den med fokus p\u00e5 kvalitet och kundservice.<\/p>\n\n\n\n<div class=\"wp-block-columns alignwide is-layout-flex wp-container-core-columns-is-layout-08c01c1c wp-block-columns-is-layout-flex\">\n<div class=\"wp-block-column ext-animate--on is-layout-flow wp-block-column-is-layout-flow\">\n<div class=\"wp-block-group is-style-ext-preset--group--natural-1--item-card-1--align-center has-global-padding is-layout-constrained wp-block-group-is-layout-constrained is-style-ext-preset--group--natural-1--item-card-1--align-center--7\">\n<figure class=\"wp-block-image\"><img loading=\"lazy\" decoding=\"async\" width=\"1440\" height=\"1080\" src=\"https:\/\/almslegal.com\/wp-content\/uploads\/2026\/02\/072d5eaaf0808371ac687b751a74e21ced6abcf2.jpg\" alt=\"\" class=\"wp-image-32\" style=\"aspect-ratio:4\/3;object-fit:cover\" srcset=\"https:\/\/almslegal.com\/wp-content\/uploads\/2026\/02\/072d5eaaf0808371ac687b751a74e21ced6abcf2.jpg 1440w, https:\/\/almslegal.com\/wp-content\/uploads\/2026\/02\/072d5eaaf0808371ac687b751a74e21ced6abcf2-300x225.jpg 300w, https:\/\/almslegal.com\/wp-content\/uploads\/2026\/02\/072d5eaaf0808371ac687b751a74e21ced6abcf2-1024x768.jpg 1024w, https:\/\/almslegal.com\/wp-content\/uploads\/2026\/02\/072d5eaaf0808371ac687b751a74e21ced6abcf2-768x576.jpg 768w, https:\/\/almslegal.com\/wp-content\/uploads\/2026\/02\/072d5eaaf0808371ac687b751a74e21ced6abcf2-16x12.jpg 16w\" sizes=\"auto, (max-width: 1440px) 100vw, 1440px\" \/><\/figure>\n\n\n\n<div class=\"wp-block-group is-style-default has-global-padding is-layout-constrained wp-block-group-is-layout-constrained\">\n<h3 class=\"wp-block-heading has-text-align-center\">Arbetsr\u00e4ttstj\u00e4nster<\/h3>\n\n\n\n<p class=\"has-text-align-center\">Vi erbjuder skr\u00e4ddarsydd juridisk r\u00e5dgivning inom arbetsr\u00e4tt f\u00f6r dina unika behov.<\/p>\n<\/div>\n<\/div>\n<\/div>\n\n\n\n<div class=\"wp-block-column ext-animate--on is-layout-flow wp-block-column-is-layout-flow\">\n<div class=\"wp-block-group is-style-ext-preset--group--natural-1--item-card-1--align-center has-global-padding is-layout-constrained wp-block-group-is-layout-constrained is-style-ext-preset--group--natural-1--item-card-1--align-center--8\">\n<figure class=\"wp-block-image\"><img loading=\"lazy\" decoding=\"async\" width=\"1440\" height=\"960\" src=\"https:\/\/almslegal.com\/wp-content\/uploads\/2026\/02\/edb9ec857d12b14ec991fe096b11007b26bfcaef.jpg\" alt=\"\" class=\"wp-image-33\" style=\"aspect-ratio:4\/3;object-fit:cover\" srcset=\"https:\/\/almslegal.com\/wp-content\/uploads\/2026\/02\/edb9ec857d12b14ec991fe096b11007b26bfcaef.jpg 1440w, https:\/\/almslegal.com\/wp-content\/uploads\/2026\/02\/edb9ec857d12b14ec991fe096b11007b26bfcaef-300x200.jpg 300w, https:\/\/almslegal.com\/wp-content\/uploads\/2026\/02\/edb9ec857d12b14ec991fe096b11007b26bfcaef-1024x683.jpg 1024w, https:\/\/almslegal.com\/wp-content\/uploads\/2026\/02\/edb9ec857d12b14ec991fe096b11007b26bfcaef-768x512.jpg 768w, https:\/\/almslegal.com\/wp-content\/uploads\/2026\/02\/edb9ec857d12b14ec991fe096b11007b26bfcaef-18x12.jpg 18w\" sizes=\"auto, (max-width: 1440px) 100vw, 1440px\" \/><\/figure>\n\n\n\n<div class=\"wp-block-group is-style-default has-global-padding is-layout-constrained wp-block-group-is-layout-constrained\">\n<h3 class=\"wp-block-heading has-text-align-center\">Familjer\u00e4tt<\/h3>\n\n\n\n<p class=\"has-text-align-center\">Professionell v\u00e4gledning i fr\u00e5gor som r\u00f6r familjer\u00e4tt och personliga relationer.<\/p>\n<\/div>\n<\/div>\n<\/div>\n\n\n\n<div class=\"wp-block-column ext-animate--on is-layout-flow wp-block-column-is-layout-flow\">\n<div class=\"wp-block-group is-style-ext-preset--group--natural-1--item-card-1--align-center has-global-padding is-layout-constrained wp-block-group-is-layout-constrained is-style-ext-preset--group--natural-1--item-card-1--align-center--9\">\n<figure class=\"wp-block-image\"><img loading=\"lazy\" decoding=\"async\" width=\"1440\" height=\"960\" src=\"https:\/\/almslegal.com\/wp-content\/uploads\/2026\/02\/7cb69b4c463f73280baf399d898e7569d9c257c1.jpg\" alt=\"\" class=\"wp-image-34\" style=\"aspect-ratio:4\/3;object-fit:cover\" srcset=\"https:\/\/almslegal.com\/wp-content\/uploads\/2026\/02\/7cb69b4c463f73280baf399d898e7569d9c257c1.jpg 1440w, https:\/\/almslegal.com\/wp-content\/uploads\/2026\/02\/7cb69b4c463f73280baf399d898e7569d9c257c1-300x200.jpg 300w, https:\/\/almslegal.com\/wp-content\/uploads\/2026\/02\/7cb69b4c463f73280baf399d898e7569d9c257c1-1024x683.jpg 1024w, https:\/\/almslegal.com\/wp-content\/uploads\/2026\/02\/7cb69b4c463f73280baf399d898e7569d9c257c1-768x512.jpg 768w, https:\/\/almslegal.com\/wp-content\/uploads\/2026\/02\/7cb69b4c463f73280baf399d898e7569d9c257c1-18x12.jpg 18w\" sizes=\"auto, (max-width: 1440px) 100vw, 1440px\" \/><\/figure>\n\n\n\n<div class=\"wp-block-group is-style-default has-global-padding is-layout-constrained wp-block-group-is-layout-constrained\">\n<h3 class=\"wp-block-heading has-text-align-center\">Kyrkor\u00e4tt<\/h3>\n\n\n\n<p class=\"has-text-align-center\">Juridisk r\u00e5dgivning s\u00e4rskilt anpassad f\u00f6r pr\u00e4ster och kyrkliga befattningshavare.<\/p>\n<\/div>\n<\/div>\n<\/div>\n<\/div>\n<\/div>\n\n\n\n<div class=\"wp-block-group alignfull is-style-ext-preset--group--natural-1--section ext-animate--off has-background-background-color has-background has-global-padding is-layout-constrained wp-block-group-is-layout-constrained\" id=\"kontakt\" style=\"margin-top:0;margin-bottom:0;padding-top:var(--wp--preset--spacing--70);padding-bottom:var(--wp--preset--spacing--70)\">\n<div class=\"wp-block-media-text alignwide has-media-on-the-right is-stacked-on-mobile is-image-fill-element is-style-ext-preset--media-text--natural-1--card-1 ext-animate--on has-tertiary-background-color has-background is-style-ext-preset--media-text--natural-1--card-1--11\" style=\"grid-template-columns:auto 48%\"><div class=\"wp-block-media-text__content\">\n<div class=\"wp-block-group alignwide ext-animate--off has-global-padding is-layout-constrained wp-container-core-group-is-layout-48493932 wp-block-group-is-layout-constrained\" style=\"padding-top:var(--wp--preset--spacing--55);padding-right:var(--wp--preset--spacing--55);padding-bottom:var(--wp--preset--spacing--55);padding-left:var(--wp--preset--spacing--55)\"><style id=\"wpforms-css-vars-13-block-406c62bf-d413-4f54-9e34-6ea96a36e1dd\">\n\t\t\t\t#wpforms-13.wpforms-block-406c62bf-d413-4f54-9e34-6ea96a36e1dd {\n\t\t\t\t--wpforms-field-size-input-height: 43px;\n--wpforms-field-size-input-spacing: 15px;\n--wpforms-field-size-font-size: 16px;\n--wpforms-field-size-line-height: 19px;\n--wpforms-field-size-padding-h: 14px;\n--wpforms-field-size-checkbox-size: 16px;\n--wpforms-field-size-sublabel-spacing: 5px;\n--wpforms-field-size-icon-size: 1;\n--wpforms-label-size-font-size: 16px;\n--wpforms-label-size-line-height: 19px;\n--wpforms-label-size-sublabel-font-size: 14px;\n--wpforms-label-size-sublabel-line-height: 17px;\n--wpforms-button-size-font-size: 17px;\n--wpforms-button-size-height: 41px;\n--wpforms-button-size-padding-h: 15px;\n--wpforms-button-size-margin-top: 10px;\n\t\t\t}\n\t\t\t<\/style><div class=\"wpforms-container wpforms-container-full wpforms-block wpforms-block-406c62bf-d413-4f54-9e34-6ea96a36e1dd wpforms-render-modern\" id=\"wpforms-13\"><form id=\"wpforms-form-13\" class=\"wpforms-validate wpforms-form wpforms-ajax-form\" data-formid=\"13\" method=\"post\" enctype=\"multipart\/form-data\" action=\"\/en\/wp-json\/wp\/v2\/pages\/16\" data-token=\"64f734a48817f4e1f3074eaac1a7e209\" data-token-time=\"1776513886\"><noscript class=\"wpforms-error-noscript\">Please enable JavaScript in your browser to complete this form.<\/noscript><div id=\"wpforms-error-noscript\" style=\"display: none;\">Please enable JavaScript in your browser to complete this form.<\/div><div class=\"wpforms-field-container\"><div id=\"wpforms-13-field_1-container\" class=\"wpforms-field wpforms-field-name\" data-field-id=\"1\"><label class=\"wpforms-field-label\" for=\"wpforms-13-field_1\">Namn <span class=\"wpforms-required-label\" aria-hidden=\"true\">*<\/span><\/label><input type=\"text\" id=\"wpforms-13-field_1\" class=\"wpforms-field-large wpforms-field-required\" name=\"wpforms[fields][1]\" aria-errormessage=\"wpforms-13-field_1-error\" required><\/div><div id=\"wpforms-13-field_2-container\" class=\"wpforms-field wpforms-field-email\" data-field-id=\"2\"><label class=\"wpforms-field-label\" for=\"wpforms-13-field_2\">E-post <span class=\"wpforms-required-label\" aria-hidden=\"true\">*<\/span><\/label><input type=\"email\" id=\"wpforms-13-field_2\" class=\"wpforms-field-large wpforms-field-required\" name=\"wpforms[fields][2]\" spellcheck=\"false\" aria-errormessage=\"wpforms-13-field_2-error\" required><\/div>\t\t<div id=\"wpforms-13-field_5-container\"\n\t\t\tclass=\"wpforms-field wpforms-field-text\"\n\t\t\tdata-field-type=\"text\"\n\t\t\tdata-field-id=\"5\"\n\t\t\t>\n\t\t\t<label class=\"wpforms-field-label\" for=\"wpforms-13-field_5\" >Meddelande Namn E-post<\/label>\n\t\t\t<input type=\"text\" id=\"wpforms-13-field_5\" class=\"wpforms-field-medium\" name=\"wpforms[fields][5]\" >\n\t\t<\/div>\n\t\t<div id=\"wpforms-13-field_3-container\" class=\"wpforms-field wpforms-field-text\" data-field-id=\"3\"><label class=\"wpforms-field-label\" for=\"wpforms-13-field_3\">\u00c4mne<\/label><input type=\"text\" id=\"wpforms-13-field_3\" class=\"wpforms-field-large\" name=\"wpforms[fields][3]\" aria-errormessage=\"wpforms-13-field_3-error\" ><\/div><div id=\"wpforms-13-field_4-container\" class=\"wpforms-field wpforms-field-textarea\" data-field-id=\"4\"><label class=\"wpforms-field-label\" for=\"wpforms-13-field_4\">Meddelande <span class=\"wpforms-required-label\" aria-hidden=\"true\">*<\/span><\/label><textarea id=\"wpforms-13-field_4\" class=\"wpforms-field-large wpforms-field-required\" name=\"wpforms[fields][4]\" aria-errormessage=\"wpforms-13-field_4-error\" required><\/textarea><\/div><script>\n\t\t\t\t( function() {\n\t\t\t\t\tconst style = document.createElement( 'style' );\n\t\t\t\t\tstyle.appendChild( document.createTextNode( '#wpforms-13-field_5-container { position: absolute !important; overflow: hidden !important; display: inline !important; height: 1px !important; width: 1px !important; z-index: -1000 !important; padding: 0 !important; } #wpforms-13-field_5-container input { visibility: hidden; } #wpforms-conversational-form-page #wpforms-13-field_5-container label { counter-increment: none; }' ) );\n\t\t\t\t\tdocument.head.appendChild( style );\n\t\t\t\t\tdocument.currentScript?.remove();\n\t\t\t\t} )();\n\t\t\t<\/script><\/div><!-- .wpforms-field-container --><div class=\"wpforms-submit-container\" ><input type=\"hidden\" name=\"wpforms[id]\" value=\"13\"><input type=\"hidden\" name=\"page_title\" value=\"\"><input type=\"hidden\" name=\"page_url\" value=\"https:\/\/almslegal.com\/en\/wp-json\/wp\/v2\/pages\/16\"><input type=\"hidden\" name=\"url_referer\" value=\"\"><button type=\"submit\" name=\"wpforms[submit]\" id=\"wpforms-submit-13\" class=\"wpforms-submit\" data-alt-text=\"Skickar \u2026\" data-submit-text=\"Skicka\" aria-live=\"assertive\" value=\"wpforms-submit\">Skicka<\/button><img loading=\"lazy\" decoding=\"async\" src=\"https:\/\/almslegal.com\/wp-content\/plugins\/wpforms-lite\/assets\/images\/submit-spin.svg\" class=\"wpforms-submit-spinner\" style=\"display: none;\" width=\"26\" height=\"26\" alt=\"Loading\"><\/div><\/form><\/div>  <!-- .wpforms-container --><\/div>\n<\/div><figure class=\"wp-block-media-text__media\"><img loading=\"lazy\" decoding=\"async\" width=\"1440\" height=\"960\" src=\"https:\/\/almslegal.com\/wp-content\/uploads\/2026\/02\/788e318b76c5501a24373848504c698fa766605d.jpg\" alt=\"\" class=\"wp-image-30 size-full\" style=\"object-position:50% 50%\" srcset=\"https:\/\/almslegal.com\/wp-content\/uploads\/2026\/02\/788e318b76c5501a24373848504c698fa766605d.jpg 1440w, https:\/\/almslegal.com\/wp-content\/uploads\/2026\/02\/788e318b76c5501a24373848504c698fa766605d-300x200.jpg 300w, https:\/\/almslegal.com\/wp-content\/uploads\/2026\/02\/788e318b76c5501a24373848504c698fa766605d-1024x683.jpg 1024w, https:\/\/almslegal.com\/wp-content\/uploads\/2026\/02\/788e318b76c5501a24373848504c698fa766605d-768x512.jpg 768w, https:\/\/almslegal.com\/wp-content\/uploads\/2026\/02\/788e318b76c5501a24373848504c698fa766605d-18x12.jpg 18w\" sizes=\"auto, (max-width: 1440px) 100vw, 1440px\" \/><\/figure><\/div>\n<\/div>\n","protected":false},"excerpt":{"rendered":"<p>Expert juridisk r\u00e5dgivning inom arbetsr\u00e4tt,familjer\u00e4tt och kyrkor\u00e4tt H\u00e4r svarar vi p\u00e5 de vanligaste fr\u00e5gorna f\u00f6r att du snabbt ska hitta tydlig och relevant information. Vilka r\u00e4ttsomr\u00e5den erbjuder ALMSLEGAL expertis inom? Vi specialiserar oss p\u00e5 arbetsr\u00e4tt,, familjer\u00e4tt samt kyrkor\u00e4tt Hur kan jag boka en tid f\u00f6r juridisk r\u00e5dgivning? Du kan kontakta oss vi v\u00e5rt kontaktformul\u00e4r p\u00e5 [&hellip;]<\/p>\n","protected":false},"author":1,"featured_media":0,"parent":0,"menu_order":0,"comment_status":"closed","ping_status":"closed","template":"page-with-title","meta":{"_monsterinsights_skip_tracking":false,"_monsterinsights_sitenote_active":false,"_monsterinsights_sitenote_note":"","_monsterinsights_sitenote_category":0,"footnotes":""},"class_list":["post-16","page","type-page","status-publish","hentry"],"aioseo_notices":[],"_links":{"self":[{"href":"https:\/\/almslegal.com\/en\/wp-json\/wp\/v2\/pages\/16","targetHints":{"allow":["GET"]}}],"collection":[{"href":"https:\/\/almslegal.com\/en\/wp-json\/wp\/v2\/pages"}],"about":[{"href":"https:\/\/almslegal.com\/en\/wp-json\/wp\/v2\/types\/page"}],"author":[{"embeddable":true,"href":"https:\/\/almslegal.com\/en\/wp-json\/wp\/v2\/users\/1"}],"replies":[{"embeddable":true,"href":"https:\/\/almslegal.com\/en\/wp-json\/wp\/v2\/comments?post=16"}],"version-history":[{"count":2,"href":"https:\/\/almslegal.com\/en\/wp-json\/wp\/v2\/pages\/16\/revisions"}],"predecessor-version":[{"id":107,"href":"https:\/\/almslegal.com\/en\/wp-json\/wp\/v2\/pages\/16\/revisions\/107"}],"wp:attachment":[{"href":"https:\/\/almslegal.com\/en\/wp-json\/wp\/v2\/media?parent=16"}],"curies":[{"name":"wp","href":"https:\/\/api.w.org\/{rel}","templated":true}]}}